{"id":9191,"date":"2020-12-04T10:25:03","date_gmt":"2020-12-04T08:25:03","guid":{"rendered":"https:\/\/sylius.com\/?page_id=9191"},"modified":"2022-01-19T10:30:54","modified_gmt":"2022-01-19T08:30:54","slug":"home","status":"publish","type":"page","link":"https:\/\/sylius.com\/fr\/","title":{"rendered":"Home"},"content":{"rendered":"\n    <div class=\"comp02\">\n        <div class=\"container section--lg mt-0\">\n            <div class=\"row justify-content-between align-items-center\">\n                <div class=\"col-12 col-xl-5\">\n                    <div class=\"section text-center text-lg-left\">\n                        <div class=\"section\"><h2 class=\"h1\">Qu\u2019est ce que <span class=\"text-primary\">Sylius?<\/span><\/div>\n                        <div class=\"section\"><div class=\"lead\"><p><span style=\"font-weight: 400;\">Sylius est une plateforme E-commerce Headless pour les entreprises de taille interm\u00e9diaire et les marques qui ont besoin de solutions sur-mesure. Avec une approche moderne dans le d\u00e9veloppement de vos projets, Sylius permet de faire \u00e9voluer votre application digitale dans une direction qui va vous permettre de battre vos concurrents et offrir \u00e0 vos clients l\u2019exp\u00e9rience qu\u2019ils m\u00e9ritent.<\/span><\/p>\n<\/div><\/div>\n                        <div class=\"section\"><a href=\"https:\/\/sylius.com\/fr\/tour\/\" class=\"btn btn-primary\" target=\"\" id=\"\">En savoir plus<\/a><\/div>\n                    <\/div>\n                <\/div>\n                <div class=\"col-12 col-xl-5\">\n                    <div class=\"comp02-grid\">\n                        <div class=\"card bg-primary square--md comp02-item\">\n                            <div class=\"card-body text-center square-content\">\n                                <div class=\"card-text\">    <svg class=\"\" style=\" width: 5.5rem; height: 5.5rem\">\n        <use xlink:href=\"#icon--symfony-bag\"><\/use>\n    <\/svg>\n<\/div>\n                                <div class=\"card-text lead-bold text-inv-lead\">1\u00e8re plateforme E-commerce Symfony <\/div>\n                            <\/div>\n                        <\/div>\n                        <div class=\"card bg-secondary square--md comp02-item\">\n                            <div class=\"card-body text-center square-content\">\n                                <div class=\"card-text\">    <svg class=\"\" style=\" width: 5.5rem; height: 5.5rem\">\n        <use xlink:href=\"#icon--data-growth\"><\/use>\n    <\/svg>\n<\/div>\n                                <div class=\"card-text lead-bold text-inv-lead\">\u00c9volutivit\u00e9 illimit\u00e9e<\/div>\n                            <\/div>\n                        <\/div>\n                        <div class=\"card bg-secondary square--md comp02-item\">\n                            <div class=\"card-body text-center square-content\">\n                                <div class=\"card-text\">    <svg class=\"\" style=\" width: 5.5rem; height: 5.5rem\">\n        <use xlink:href=\"#icon--puzzle\"><\/use>\n    <\/svg>\n<\/div>\n                                <div class=\"card-text lead-bold text-inv-lead\">Con\u00e7u pour l\u2019Agilit\u00e9 et la Personnalisation<\/div>\n                            <\/div>\n                        <\/div>\n                        <div class=\"card bg-primary square--md comp02-item\">\n                            <div class=\"card-body text-center square-content\">\n                                <div class=\"card-text\">    <svg class=\"\" style=\" width: 5.5rem; height: 5.5rem\">\n        <use xlink:href=\"#icon--api-platform\"><\/use>\n    <\/svg>\n<\/div>\n                                <div class=\"card-text lead-bold text-inv-lead\">APIs surpuissante pour le E-commerce Headless<\/div>\n                            <\/div>\n                        <\/div>\n                    <\/div>\n                <\/div>\n            <\/div>\n        <\/div>\n    <\/div>\n\n\n\n    <div class=\"container section--lg\">\n        <div class=\"wrapper--xl-large mx-auto text-center\">\n            <h2 class=\"h1\">M\u00e9thode et outils de d\u00e9veloppement modernes <\/h2>\n            <div class=\"lead\"><p><span style=\"font-weight: 400;\">D\u00e9couvrez pourquoi Sylius est largement reconnu comme la meilleure plateforme E-commerce par la communaut\u00e9 des CTO, des architectes et des d\u00e9veloppeurs des principaux acteurs de l\u2019industrie digitale.<\/span><\/p>\n<\/div>\n        <\/div>\n\n        <div class=\"section pt-5\">\n            <div class=\"cards cards--lg-2 cards--xl-2 gap--md-large gap--lg-large gap--xl-larger wrapper--md-medium wrapper--xl-larger mx-auto\">\n                                                        <div class=\"card card--basic\">\n                        <div class=\"card-body card-icon-grid\">\n                            <div class=\"card-icon\">\n                                <div class=\"card-icon-blob\">    <svg class=\"\" style=\" width: 95px; height: 74px\">\n        <use xlink:href=\"#icon--blob-1\"><\/use>\n    <\/svg>\n<\/div>\n                                    <svg class=\"icon icon--xl\" style=\" \">\n        <use xlink:href=\"#icon--light-pwa\"><\/use>\n    <\/svg>\n\n                            <\/div>\n                            <div>\n                                <div class=\"card-title\">Pr\u00eat pour le Headless et les PWA<\/div>\n                                <div class=\"card-text\"><p><span style=\"font-weight: 400;\">Sylius est livr\u00e9 avec une puissante API REST qui peut \u00eatre personnalis\u00e9e et s\u2019adapte parfaitement au frontend de votre choix ou votre architecture microservices. Si vous \u00eates un d\u00e9veloppeur Symfony et que vous vous posez la question&#8230; Oui c\u2019est construit avec API Platform.\u00a0 <\/span><\/p>\n<\/div>\n                            <\/div>\n                        <\/div>\n                    <\/div>\n                                                        <div class=\"card card--basic\">\n                        <div class=\"card-body card-icon-grid\">\n                            <div class=\"card-icon\">\n                                <div class=\"card-icon-blob\">    <svg class=\"\" style=\" width: 95px; height: 74px\">\n        <use xlink:href=\"#icon--blob-2\"><\/use>\n    <\/svg>\n<\/div>\n                                    <svg class=\"icon icon--xl\" style=\" \">\n        <use xlink:href=\"#icon--scale-host\"><\/use>\n    <\/svg>\n\n                            <\/div>\n                            <div>\n                                <div class=\"card-title\">Facile \u00e0 h\u00e9berger et \u00e0 faire \u00e9voluer<\/div>\n                                <div class=\"card-text\"><p><span style=\"font-weight: 400;\">Sylius va acc\u00e9l\u00e9rer la croissance de votre business et s\u2019adaptera \u00e0 l\u2019\u00e9volution de vos besoins. Il fonctionne bien sur un VPS standard mais peut \u00eatre utilis\u00e9 avec Docker et Kubernetes sur le cloud pour devenir une pile applicative vraiment \u00e9volutive avec des co\u00fbts d\u2019exploitation optimis\u00e9s.<\/span><\/p>\n<\/div>\n                            <\/div>\n                        <\/div>\n                    <\/div>\n                                                        <div class=\"card card--basic\">\n                        <div class=\"card-body card-icon-grid\">\n                            <div class=\"card-icon\">\n                                <div class=\"card-icon-blob\">    <svg class=\"\" style=\" width: 95px; height: 74px\">\n        <use xlink:href=\"#icon--blob-3\"><\/use>\n    <\/svg>\n<\/div>\n                                    <svg class=\"icon icon--xl\" style=\" \">\n        <use xlink:href=\"#icon--medal\"><\/use>\n    <\/svg>\n\n                            <\/div>\n                            <div>\n                                <div class=\"card-title\">Haut standard de qualit\u00e9 et pas de dette technique<\/div>\n                                <div class=\"card-text\"><p><span style=\"font-weight: 400;\">Vu la vitesse \u00e0 laquelle l\u2019e-commerce \u00e9volue, vous ne pouvez pas vous permettre de faire une r\u00e9volution tous les deux ou trois ans. Vous devez adopter une approche \u00e9volutive et respecter les normes de qualit\u00e9 les plus strictes. Sylius est con\u00e7u autour de ces principes.<\/span><\/p>\n<\/div>\n                            <\/div>\n                        <\/div>\n                    <\/div>\n                                                        <div class=\"card card--basic\">\n                        <div class=\"card-body card-icon-grid\">\n                            <div class=\"card-icon\">\n                                <div class=\"card-icon-blob\">    <svg class=\"\" style=\" width: 95px; height: 74px\">\n        <use xlink:href=\"#icon--blob-4\"><\/use>\n    <\/svg>\n<\/div>\n                                    <svg class=\"icon icon--xl\" style=\" \">\n        <use xlink:href=\"#icon--bug\"><\/use>\n    <\/svg>\n\n                            <\/div>\n                            <div>\n                                <div class=\"card-title\">Test\u00e9 et Testable<\/div>\n                                <div class=\"card-text\"><p><span style=\"font-weight: 400;\">D\u00e9tectez et r\u00e9glez les probl\u00e8mes avant qu&rsquo;ils n&rsquo;impactent vos clients et vos revenus. Sylius est un pionnier des tests automatis\u00e9s et les embarque dans votre projet. L&rsquo;approche Behavior Driven Development permet un d\u00e9veloppement Agile qui encourage la collaboration entre d\u00e9veloppeur, la recherche de la valeur business au del\u00e0 du pur plaisir de coder.<\/span><\/p>\n<\/div>\n                            <\/div>\n                        <\/div>\n                    <\/div>\n                            <\/div>\n        <\/div>\n\n        <div class=\"text-center\">\n            <div class=\"section\"><a href=\"https:\/\/sylius.com\/fr\/tour\/\" class=\"btn btn-primary\" target=\"\" id=\"\">En savoir plus<\/a><\/div>\n        <\/div>\n    <\/div>\n\n\n    <div class=\"container section--lg mb-0\">\n        <h3 class=\"h1\">Les meilleures marques font confiance \u00e0 <span class=\"text-primary\">Sylius<\/span> <\/h3>\n        <div class=\"card bg-secondary border-0\">\n            <div class=\"row\">\n                <div class=\"col-12 col-xl-6\">\n                    <div class=\"card-body card-body--xl\">\n                        <blockquote class=\"quote  \" style=\"\">\n            <div class=\"quote-mark\"><\/div>\n    \n    <div class=\"quote-body\">\n                                        <div class=\"text-inv-base\">\n                                    <p class=\"p1\"><em>Nous avons d\u00e9cid\u00e9 d&rsquo;utiliser Sylius car c&rsquo;est la plateforme d&rsquo;e-commerce la plus utilis\u00e9e dans le secteur interm\u00e9diaire. Cela nous a permit une plus grande agilit\u00e9 pour progresser et am\u00e9liorer \u00e0 la fois le front et le back de notre magasin en ligne<\/em><\/p>\n\n                                <\/div>\n                                <\/div>\n\n    <footer class=\"quote-footer\">\n                    <div>\n                <div class=\"quote-avatar\">\n                    <img decoding=\"async\" src=\"https:\/\/sylius.com\/wp-content\/uploads\/2020\/09\/toni-it-manager-Natura-100x100-c-default.jpeg\" alt=\"\">\n                <\/div>\n            <\/div>\n                <div>\n                                            <div class=\"text-inv-base\">\n                                    Toni Mili\u00e1n Artigas, Directeur informatique, Natura Selection\n                                <\/div>\n                                    <\/div>\n    <\/footer>\n<\/blockquote>\n                    <\/div>\n                <\/div>\n                <div class=\"col-12 col-xl-6\">\n                    <div class=\"d-flex h-100 flex-column justify-content-between\">\n                        <div>\n                                                            <div class=\"py-4 px-5 mt-lg-4 text-center text-xl-right text-inv-lead\">\n                                    <a id=\"\" href=\"https:\/\/sylius.com\/fr\/case-study\/natura-selection\/\" class=\"btn btn-primary\" target=\"\">\n                                        Lire le cas client\n                                    <\/a>\n                                <\/div>\n                                                    <\/div>\n                        <div>\n                            <div class=\"mx-5 rounded-top overflow-hidden\">\n                                <a id=\"\" href=\"https:\/\/sylius.com\/fr\/case-study\/natura-selection\/\"><img decoding=\"async\" class=\"img-fluid\" src=\"https:\/\/sylius.com\/wp-content\/uploads\/2020\/09\/Screenshot_2020-09-09-Tiendas-Natura-\u2013-Natura-1.jpg\" alt=\"Sylius case studies\"><\/a>\n                            <\/div>\n                        <\/div>\n                    <\/div>\n                <\/div>\n            <\/div>\n        <\/div>\n    <\/div>\n\n    <div class=\"py-4\">\n        <div class=\"container\">\n            <div class=\"d-flex flex-wrap justify-content-around align-items-center\">\n                                    <div class=\"m-3 clients-logos\"><img decoding=\"async\" src=\"https:\/\/sylius.com\/wp-content\/uploads\/2020\/07\/logo-jagermeister.png\" alt=\"Jagermeister logo\"><\/div>\n                                    <div class=\"m-3 clients-logos\"><img decoding=\"async\" src=\"https:\/\/sylius.com\/wp-content\/uploads\/2020\/07\/logo-popsugar.png\" alt=\"Popsugar logo\"><\/div>\n                                    <div class=\"m-3 clients-logos\"><img decoding=\"async\" src=\"https:\/\/sylius.com\/wp-content\/uploads\/2020\/07\/logo-best-value.png\" alt=\"Best Value logo\"><\/div>\n                                    <div class=\"m-3 clients-logos\"><img decoding=\"async\" src=\"https:\/\/sylius.com\/wp-content\/uploads\/2020\/07\/logo-relais-chateaux.png\" alt=\"Relais&#038;Chateaux logo\"><\/div>\n                                    <div class=\"m-3 clients-logos\"><img decoding=\"async\" src=\"https:\/\/sylius.com\/wp-content\/uploads\/2020\/07\/logo-hbx.png\" alt=\"HBX logo\"><\/div>\n                                    <div class=\"m-3 clients-logos\"><img decoding=\"async\" src=\"https:\/\/sylius.com\/wp-content\/uploads\/2020\/07\/logo-reiss.png\" alt=\"Reiss logo\"><\/div>\n                            <\/div>\n        <\/div>\n    <\/div>\n\n\n    <div class=\"container section\">\n        <div class=\"row align-items-center\">\n            <div class=\"col-12 col-xl-4\">\n                <div class=\"d-block d-md-flex d-xl-block justify-content-between\">\n                    <div class=\"h3 mb-4\">Quoi de neuf? <\/div>\n                    <ul class=\"list-inline\">\n                                                    <li class=\"list-inline-item\"><a href=\"https:\/\/sylius.com\/blog\/\" class=\"base-bold text-primary a-line \" target=\"\" id=\"\">\n                                Blog<\/a>\n                            <\/li>\n                                                    <li class=\"list-inline-item\"><a href=\"https:\/\/sylius.com\/events\/\" class=\"base-bold text-primary a-line \" target=\"\" id=\"\">\n                                Events<\/a>\n                            <\/li>\n                                            <\/ul>\n                <\/div>\n            <\/div>\n                            <div class=\"col-12 col-sm-6 col-xl-4 mb-3\">\n                    <div class=\"card\">\n                        <div class=\"card-body pb-3\">\n                            <div class=\"card-title\"><a class=\"\" href=\"https:\/\/sylius.com\/fr\/blog-fr\/mois-de-sylius-mars-%f0%9f%8c%b7\/\">Mois de Sylius : Mars \ud83c\udf37<\/a><\/div>\n                            <div class=\"card-subtitle\">14.04.2026<\/div>\n                        <\/div>\n                    <\/div>\n                <\/div>\n                            <div class=\"col-12 col-sm-6 col-xl-4 mb-3\">\n                    <div class=\"card\">\n                        <div class=\"card-body pb-3\">\n                            <div class=\"card-title\"><a class=\"\" href=\"https:\/\/sylius.com\/blog\/ecosystem\/month-of-sylius-march-2026\/\">Month of Sylius: March \ud83c\udf37<\/a><\/div>\n                            <div class=\"card-subtitle\">14.04.2026<\/div>\n                        <\/div>\n                    <\/div>\n                <\/div>\n                            <div class=\"col-12 col-sm-6 col-xl-4 mb-3\">\n                    <div class=\"card\">\n                        <div class=\"card-body pb-3\">\n                            <div class=\"card-title\"><a class=\"\" href=\"https:\/\/sylius.com\/uncategorized\/zloty-nauczyciel-marketplace-case-study\/\">Z\u0142oty Nauczyciel Marketplace Case Study<\/a><\/div>\n                            <div class=\"card-subtitle\">14.04.2026<\/div>\n                        <\/div>\n                    <\/div>\n                <\/div>\n                            <div class=\"col-12 col-sm-6 col-xl-4 mb-3\">\n                    <div class=\"card\">\n                        <div class=\"card-body pb-3\">\n                            <div class=\"card-title\"><a class=\"\" href=\"https:\/\/sylius.com\/blog\/ecosystem\/a-new-hub-for-plugins\/\">The Sylius Addons Marketplace: A new hub for plugins<\/a><\/div>\n                            <div class=\"card-subtitle\">14.04.2026<\/div>\n                        <\/div>\n                    <\/div>\n                <\/div>\n                            <div class=\"col-12 col-sm-6 col-xl-4 mb-3\">\n                    <div class=\"card\">\n                        <div class=\"card-body pb-3\">\n                            <div class=\"card-title\"><a class=\"\" href=\"https:\/\/sylius.com\/blog\/ecosystem\/month-of-sylius-february-2026\/\">Month of Sylius: February \ud83c\udf39<\/a><\/div>\n                            <div class=\"card-subtitle\">14.04.2026<\/div>\n                        <\/div>\n                    <\/div>\n                <\/div>\n                    <\/div>\n    <\/div>\n\n\n\n<p><\/p>\n","protected":false},"excerpt":{"rendered":"","protected":false},"author":3,"featured_media":0,"parent":0,"menu_order":0,"comment_status":"closed","ping_status":"closed","template":"","meta":{"_uag_custom_page_level_css":"","footnotes":""},"class_list":["post-9191","page","type-page","status-publish","hentry"],"acf":[],"aioseo_notices":[],"uagb_featured_image_src":{"full":false,"thumbnail":false,"medium":false,"medium_large":false,"large":false,"1536x1536":false,"2048x2048":false},"uagb_author_info":{"display_name":"pawel.jedrzejewski","author_link":"https:\/\/sylius.com\/fr\/author\/pawel-jedrzejewski\/"},"uagb_comment_info":0,"uagb_excerpt":null,"_links":{"self":[{"href":"https:\/\/sylius.com\/fr\/wp-json\/wp\/v2\/pages\/9191","targetHints":{"allow":["GET"]}}],"collection":[{"href":"https:\/\/sylius.com\/fr\/wp-json\/wp\/v2\/pages"}],"about":[{"href":"https:\/\/sylius.com\/fr\/wp-json\/wp\/v2\/types\/page"}],"author":[{"embeddable":true,"href":"https:\/\/sylius.com\/fr\/wp-json\/wp\/v2\/users\/3"}],"replies":[{"embeddable":true,"href":"https:\/\/sylius.com\/fr\/wp-json\/wp\/v2\/comments?post=9191"}],"version-history":[{"count":66,"href":"https:\/\/sylius.com\/fr\/wp-json\/wp\/v2\/pages\/9191\/revisions"}],"predecessor-version":[{"id":14967,"href":"https:\/\/sylius.com\/fr\/wp-json\/wp\/v2\/pages\/9191\/revisions\/14967"}],"wp:attachment":[{"href":"https:\/\/sylius.com\/fr\/wp-json\/wp\/v2\/media?parent=9191"}],"curies":[{"name":"wp","href":"https:\/\/api.w.org\/{rel}","templated":true}]}}