{"id":18396,"date":"2024-09-09T21:10:37","date_gmt":"2024-09-09T19:10:37","guid":{"rendered":"https:\/\/sylius.com\/?page_id=18396"},"modified":"2024-09-09T21:10:38","modified_gmt":"2024-09-09T19:10:38","slug":"download","status":"publish","type":"page","link":"https:\/\/sylius.com\/fr\/download\/","title":{"rendered":"Download"},"content":{"rendered":"\n<section class=\"wp-block-uagb-columns uagb-columns__wrap uagb-columns__stack-tablet uagb-columns__valign- uagb-columns__gap-0 alignfull uagb-block-b7f96504 uagb-columns__columns-2 uagb-columns__max_width-theme section\"><div class=\"uagb-columns__overlay\"><\/div><div class=\"uagb-columns__inner-wrap uagb-columns__columns-2\">\n<div class=\"wp-block-uagb-column uagb-column__wrap uagb-column__background-undefined uagb-block-bef6e0cb pr-xl-4\"><div class=\"uagb-column__overlay\"><\/div>\n<h3 class=\"wp-block-heading h2\"><mark style=\"background-color:rgba(0, 0, 0, 0)\" class=\"has-inline-color has-primary-color\">D\u00e9marrez un nouveau projet ou jetez juste un coup d&rsquo;oeil<\/mark><\/h3>\n\n\n\n<p class=\"has-lead-font-size\">Cette \u00e9dition est faite pour le d\u00e9marrage de nouveaux projets. C\u2019est une application Symfony standard, qui contient le coeur de Sylius sous forme de d\u00e9pendance, le rendant s\u00fbr et facile \u00e0 customiser et \u00e0 faire \u00e9voluer.<\/p>\n<\/div>\n\n\n\n<div class=\"wp-block-uagb-column uagb-column__wrap uagb-column__background-undefined uagb-block-532b9d67 pl-xl-5 ml-xl-5\"><div class=\"uagb-column__overlay\"><\/div>\n<p>Commencez par installer le serveur Symfony et lancer les commandes suivantes sur votre terminal:<\/p>\n\n\n\n<pre class=\"wp-block-code\"><code>composer create-project sylius\/sylius-standard acme\ncd acme\nphp bin\/console sylius:install\nyarn install\nyarn build\nsymfony server:start\nopen http:\/\/127.0.0.1:8000<\/code><\/pre>\n\n\n\n<div data-switch-target=\".docker-code\" data-switch-class=\"d-none\" style=\"cursor: pointer\">\n<svg class=\"icon\" style=\"fill: #0ea3e2\"><use xlink:href=\"#fa--brands--docker\"><\/use><\/svg>\n<strong style=\"color:#0ea3e2\">Voir aussi comment installer tout cela avec docker (encore exp\u00e9rimental) <\/strong>\n<\/div>\n\n\n\n<pre class=\"wp-block-code docker-code section d-none\"><code>docker run --rm -v $(pwd):\/app composer create-project sylius\/sylius-standard acme --ignore-platform-reqs --no-scripts --no-install\n\ncd acme\n\nmake init\n\nopen http:\/\/localhost\/<\/code><\/pre>\n<\/div>\n<\/div><\/section>\n\n\n\n    <div class=\"container\">\n        <div class=\"section cards\n            \n            \n            cards--lg-2\n            cards--xl-2\n            \n            \n            \n            \n            \n            \n            \n            \n            \n            \n        \">\n                            <div class=\"card  \">\n                    <div class=\"card-body\n                        card-icon-grid--xl\n                        \n                        \n                        \n                        \n                    \">\n                        \n                        \n                                                    <div class=\"card-icon\">\n                                                                    <svg class=\"icon icon--xl\" style=\" \">\n        <use xlink:href=\"#fa--solid--book-open\"><\/use>\n    <\/svg>\n\n                            <\/div>\n                                                <div>\n                            <div class=\"card-title\">D\u00e9marrer avec le Tutoriel<\/div>\n                            <div class=\"card-text\"><p><span style=\"font-weight: 400;\">Le tutoriel officiel \u201cD\u00e9marrer avec Sylius\u201d est le meilleur moyen de d\u00e9marrer votre voyage avec Sylius ! Il vous guidera \u00e0 travers le processus d\u2019installation et vous apprendra les bases du d\u00e9ploiement et de la customisation.\u00a0<\/span><\/p>\n<p><strong><span style=\"color: #22b99a;\"><a class=\"a-line\" style=\"color: #22b99a;\" href=\"https:\/\/docs.sylius.com\/en\/latest\/getting-started-with-sylius\/index.html\" target=\"_blank\" rel=\"noopener\">Voir le tutoriel <\/a><\/span><\/strong><\/p>\n<p>&nbsp;<\/p>\n<\/div>\n                        <\/div>\n                                            <\/div>\n                <\/div>\n                            <div class=\"card  \">\n                    <div class=\"card-body\n                        card-icon-grid--xl\n                        \n                        \n                        \n                        \n                    \">\n                        \n                        \n                                                    <div class=\"card-icon\">\n                                                                    <svg class=\"icon icon--xl\" style=\" \">\n        <use xlink:href=\"#bootstrap--star-fill\"><\/use>\n    <\/svg>\n\n                            <\/div>\n                                                <div>\n                            <div class=\"card-title\">Suivre un cours en ligne<\/div>\n                            <div class=\"card-text\"><p><span style=\"font-weight: 400;\">Si vous pr\u00e9f\u00e9rez une m\u00e9thode d\u2019apprentissage plus interactive, vous pouvez aussi vous plonger dans nos cours en ligne, qui repr\u00e9sentent 8 heures de tutoriels vid\u00e9os avec de vrais exercices de d\u00e9veloppement. Avec une politique de remboursement garantie \u00e0 100%, faites l\u2019essai ! <\/span><\/p>\n<p><strong><span style=\"color: #22b99a;\"><a class=\"a-line\" style=\"color: #22b99a;\" title=\"Voir le cours en ligne\" href=\"https:\/\/sylius.com\/online-course\/\">Voir le cours en ligne<\/a><\/span><\/strong><\/p>\n<\/div>\n                        <\/div>\n                                            <\/div>\n                <\/div>\n                    <\/div>\n    <\/div>\n\n\n\n<section class=\"wp-block-uagb-columns uagb-columns__wrap uagb-columns__stack-tablet uagb-columns__valign- uagb-columns__gap-0 alignfull uagb-block-96288fae uagb-columns__columns-2 uagb-columns__max_width-theme section--lg\"><div class=\"uagb-columns__overlay\"><\/div><div class=\"uagb-columns__inner-wrap uagb-columns__columns-2\">\n<div class=\"wp-block-uagb-column uagb-column__wrap uagb-column__background-undefined uagb-block-c80be78a pr-xl-4\"><div class=\"uagb-column__overlay\"><\/div>\n<h3 class=\"wp-block-heading h2\"><mark style=\"background-color:rgba(0, 0, 0, 0)\" class=\"has-inline-color has-primary-color\">Contribuez au d\u00e9veloppement de la solution<\/mark><\/h3>\n\n\n\n<p class=\"has-lead-font-size\">Cette \u00e9dition est faite pour les contributeurs au code et \u00e0 la documentation. Si vous souhaitez contribuer \u00e0 notre projet, et rejoindre notre communaut\u00e9 (ce pour quoi nous vous serions tr\u00e8s reconnaissant !) dirigez vous vers notre repository sur GitHub !&nbsp;<\/p>\n\n\n\n<div class=\"wp-block-buttons is-layout-flex wp-block-buttons-is-layout-flex\">\n<div class=\"wp-block-button is-style-btn-secondary\"><a class=\"wp-block-button__link wp-element-button\" href=\"http:\/\/github.com\/Sylius\/Sylius\" target=\"_blank\" rel=\"noreferrer noopener\">Rejoignez nous sur GitHub<\/a><\/div>\n<\/div>\n<\/div>\n\n\n\n<div class=\"wp-block-uagb-column uagb-column__wrap uagb-column__background-undefined uagb-block-d4392ae7 pl-xl-5 ml-xl-5\"><div class=\"uagb-column__overlay\"><\/div>\n<p>Il suffit de quelques \u00e9tapes simples pour obtenir le code Sylius en local :<\/p>\n\n\n\n<p>Cr\u00e9ez un compte GitHub et authentifiez vous. Forkez le d\u00e9p\u00f4t Sylius sur Github et clonez le, avant d&rsquo;y ajouter l&rsquo;origine Sylius\/Sylius;<\/p>\n\n\n\n<pre class=\"wp-block-code\"><code>git clone git@github.com:YOUR_USERNAME\/Sylius.git\ncd sylius\ngit remote add upstream git:\/\/github.com\/Sylius\/Sylius.git\n...<\/code><\/pre>\n\n\n\n<div class=\"wp-block-buttons is-layout-flex wp-block-buttons-is-layout-flex\">\n<div class=\"wp-block-button is-style-btn-primary\"><a class=\"wp-block-button__link wp-element-button\" href=\"https:\/\/docs.sylius.com\/en\/latest\/book\/index.html#contributing\" target=\"_blank\" rel=\"noreferrer noopener\">Lire le guide du contributeur<\/a><\/div>\n<\/div>\n<\/div>\n<\/div><\/section>\n\n\n\n<p><\/p>\n","protected":false},"excerpt":{"rendered":"","protected":false},"author":14,"featured_media":0,"parent":0,"menu_order":0,"comment_status":"closed","ping_status":"closed","template":"","meta":{"_uag_custom_page_level_css":"","footnotes":""},"class_list":["post-18396","page","type-page","status-publish","hentry"],"acf":[],"aioseo_notices":[],"uagb_featured_image_src":{"full":false,"thumbnail":false,"medium":false,"medium_large":false,"large":false,"1536x1536":false,"2048x2048":false},"uagb_author_info":{"display_name":"sylius","author_link":"https:\/\/sylius.com\/fr\/author\/sylius\/"},"uagb_comment_info":0,"uagb_excerpt":null,"_links":{"self":[{"href":"https:\/\/sylius.com\/fr\/wp-json\/wp\/v2\/pages\/18396","targetHints":{"allow":["GET"]}}],"collection":[{"href":"https:\/\/sylius.com\/fr\/wp-json\/wp\/v2\/pages"}],"about":[{"href":"https:\/\/sylius.com\/fr\/wp-json\/wp\/v2\/types\/page"}],"author":[{"embeddable":true,"href":"https:\/\/sylius.com\/fr\/wp-json\/wp\/v2\/users\/14"}],"replies":[{"embeddable":true,"href":"https:\/\/sylius.com\/fr\/wp-json\/wp\/v2\/comments?post=18396"}],"version-history":[{"count":1,"href":"https:\/\/sylius.com\/fr\/wp-json\/wp\/v2\/pages\/18396\/revisions"}],"predecessor-version":[{"id":23116,"href":"https:\/\/sylius.com\/fr\/wp-json\/wp\/v2\/pages\/18396\/revisions\/23116"}],"wp:attachment":[{"href":"https:\/\/sylius.com\/fr\/wp-json\/wp\/v2\/media?parent=18396"}],"curies":[{"name":"wp","href":"https:\/\/api.w.org\/{rel}","templated":true}]}}