{"id":20217,"date":"2023-01-23T11:14:12","date_gmt":"2023-01-23T09:14:12","guid":{"rendered":"https:\/\/sylius.com\/home-and-garden\/"},"modified":"2023-12-08T13:05:40","modified_gmt":"2023-12-08T11:05:40","slug":"fuer-die-heim-und-gartenbranche","status":"publish","type":"page","link":"https:\/\/sylius.com\/de\/fuer-die-heim-und-gartenbranche\/","title":{"rendered":"Headless eCommerce Plattform f\u00fcr die Heim- und Gartenbranche"},"content":{"rendered":"\n<div class=\"wp-block-group alignfull\"><div class=\"wp-block-group__inner-container is-layout-flow wp-block-group-is-layout-flow\">\n<section class=\"wp-block-uagb-columns uagb-columns__wrap uagb-columns__background-none uagb-columns__stack-mobile uagb-columns__valign-center uagb-columns__gap-30 alignfull uagb-block-49052d3c uagb-columns__columns-3 uagb-columns__max_width-theme clients-logos\"><div class=\"uagb-columns__overlay\"><\/div><div class=\"uagb-columns__inner-wrap uagb-columns__columns-3\">\n<div class=\"wp-block-uagb-column uagb-column__wrap uagb-column__background-undefined uagb-block-8b095260\"><div class=\"uagb-column__overlay\"><\/div><div class=\"wp-block-image\">\n<figure class=\"aligncenter size-full\"><img loading=\"lazy\" decoding=\"async\" width=\"989\" height=\"453\" src=\"https:\/\/sylius.com\/wp-content\/uploads\/2021\/11\/Logo_tediber.png\" alt=\"\" class=\"wp-image-14263\" srcset=\"https:\/\/sylius.com\/wp-content\/uploads\/2021\/11\/Logo_tediber.png 989w, https:\/\/sylius.com\/wp-content\/uploads\/2021\/11\/Logo_tediber-300x137.png 300w, https:\/\/sylius.com\/wp-content\/uploads\/2021\/11\/Logo_tediber-768x352.png 768w\" sizes=\"auto, (max-width: 989px) 100vw, 989px\" \/><\/figure><\/div><\/div>\n\n\n\n<div class=\"wp-block-uagb-column uagb-column__wrap uagb-column__background-undefined uagb-block-6b147f23\"><div class=\"uagb-column__overlay\"><\/div>\n<figure class=\"wp-block-image size-large\"><img loading=\"lazy\" decoding=\"async\" width=\"1024\" height=\"334\" src=\"https:\/\/sylius.com\/wp-content\/uploads\/2021\/11\/Logo-Tousalon-1024x334.jpeg\" alt=\"\" class=\"wp-image-14268\"\/><\/figure>\n<\/div>\n\n\n\n<div class=\"wp-block-uagb-column uagb-column__wrap uagb-column__background-undefined uagb-block-452f09e8\"><div class=\"uagb-column__overlay\"><\/div>\n<figure class=\"wp-block-image size-large\"><img loading=\"lazy\" decoding=\"async\" width=\"1024\" height=\"260\" src=\"https:\/\/sylius.com\/wp-content\/uploads\/2021\/11\/LTS_logo_2020_Black-1024x260.png\" alt=\"\" class=\"wp-image-14273\"\/><\/figure>\n<\/div>\n<\/div><\/section>\n<\/div><\/div>\n\n\n\n<div class=\"wp-block-group alignfull section\"><div class=\"wp-block-group__inner-container is-layout-flow wp-block-group-is-layout-flow\">\n<section class=\"wp-block-uagb-columns uagb-columns__wrap uagb-columns__background-none uagb-columns__stack-tablet uagb-columns__valign-center uagb-columns__gap-0 align uagb-block-c9c65f12 uagb-columns__columns-3 uagb-columns__max_width-theme\"><div class=\"uagb-columns__overlay\"><\/div><div class=\"uagb-columns__inner-wrap uagb-columns__columns-3\">\n<div class=\"wp-block-uagb-column uagb-column__wrap uagb-column__background-undefined uagb-block-eb9ffc48\"><div class=\"uagb-column__overlay\"><\/div>\n<p>Wechsel zu einer ma\u00dfgefertigten E-Commerce-Plattform<\/p>\n\n\n\n<p>Sylius basiert auf modernen Technologien wie PHP und Symfony, was es schnell, skalierbar und leicht anpassbar macht.<\/p>\n\n\n\n<p>Das bedeutet, dass Sie den Anforderungen Ihres Unternehmens gerecht werden k\u00f6nnen, wenn es w\u00e4chst, ohne sich um die Einschr\u00e4nkungen Ihrer Plattform sorgen zu m\u00fcssen.<\/p>\n\n\n\n<p>Tediber, ein innovatives Matratzenunternehmen aus Frankreich, entschied sich, WooCommerce und WordPress aufzugeben und mit Sylius den kopflosen Ansatz zu verfolgen. Das Unternehmen verzeichnete eine zweifache Verringerung der Ladezeit der Website und stellte innerhalb eines Jahres nach der Migration ein Umsatzwachstum von 25% fest. Die Website bew\u00e4ltigt den gestiegenen Verkehr problemlos.<\/p>\n<\/div>\n\n\n\n<div class=\"wp-block-uagb-column uagb-column__wrap uagb-column__background-undefined uagb-block-6e8c9246\"><div class=\"uagb-column__overlay\"><\/div><\/div>\n\n\n\n<div class=\"wp-block-uagb-column uagb-column__wrap uagb-column__background-undefined uagb-block-d6b3efc4\"><div class=\"uagb-column__overlay\"><\/div>\n<figure class=\"wp-block-image size-full\"><img decoding=\"async\" src=\"https:\/\/sylius.com\/wp-content\/uploads\/2023\/01\/tour-circle.svg\" alt=\"\" class=\"wp-image-17833\"\/><\/figure>\n<\/div>\n<\/div><\/section>\n<\/div><\/div>\n\n\n    <div class=\"container section--lg mb-0\">\n        <h3 class=\"h1\"><\/h3>\n        <div class=\"card bg-secondary border-0\">\n            <div class=\"row\">\n                <div class=\"col-12 col-xl-6\">\n                    <div class=\"card-body card-body--xl\">\n                        <blockquote class=\"quote  \" style=\"\">\n            <div class=\"quote-mark\"><\/div>\n    \n    <div class=\"quote-body\">\n                                        <div class=\"text-inv-base\">\n                                    <p>Sylius ist ein \u00e4u\u00dferst flexibles E-Commerce-Framework, das auf Symfony basiert. Wir k\u00f6nnen alle vorhandenen Funktionen problemlos erweitern, um sie an unsere Bed\u00fcrfnisse anzupassen.<\/p>\n\n                                <\/div>\n                                <\/div>\n\n    <footer class=\"quote-footer\">\n                    <div>\n                <div class=\"quote-avatar\">\n                    <img decoding=\"async\" src=\"https:\/\/sylius.com\/wp-content\/uploads\/2023\/01\/1516947543568-100x100-c-default.jpeg\" alt=\"\">\n                <\/div>\n            <\/div>\n                <div>\n                                            <div class=\"text-inv-base\">\n                                    Guillaume Bidan<br>CTO von Tediber\n                                <\/div>\n                                    <\/div>\n    <\/footer>\n<\/blockquote>\n                    <\/div>\n                <\/div>\n                <div class=\"col-12 col-xl-6\">\n                    <div class=\"d-flex h-100 flex-column justify-content-between\">\n                        <div>\n                                                            <div class=\"py-4 px-5 mt-lg-4 text-center text-xl-right text-inv-lead\">\n                                    <a id=\"\" href=\"https:\/\/sylius.com\/case-study\/tediber\/\" class=\"btn btn-primary\" target=\"\">\n                                        CASE STUDY\n                                    <\/a>\n                                <\/div>\n                                                    <\/div>\n                        <div>\n                            <div class=\"mx-5 rounded-top overflow-hidden\">\n                                <a id=\"\" href=\"https:\/\/sylius.com\/case-study\/tediber\/\"><img decoding=\"async\" class=\"img-fluid\" src=\"https:\/\/sylius.com\/wp-content\/uploads\/2020\/08\/case-tediber.jpg\" alt=\"Sylius case studies\"><\/a>\n                            <\/div>\n                        <\/div>\n                    <\/div>\n                <\/div>\n            <\/div>\n        <\/div>\n    <\/div>\n\n    <div class=\"py-4\">\n        <div class=\"container\">\n            <div class=\"d-flex flex-wrap justify-content-around align-items-center\">\n                            <\/div>\n        <\/div>\n    <\/div>\n\n\n\n<div class=\"wp-block-group alignfull\"><div class=\"wp-block-group__inner-container is-layout-flow wp-block-group-is-layout-flow\">\n\n    <div class=\"row no-gutters bg-primary rounded\">\n                    <div class=\"col-12 col-md-6 col-lg-4\">\n                <div class=\"text-center p-5 text-white\" 1>\n                    <div class=\"h1 mb-2 text-white\">25%<\/div>\n                    <div class=\"\">Umsatzwachstum nach der Migration zu Sylius<\/div>\n                <\/div>\n            <\/div>\n                    <div class=\"col-12 col-md-6 col-lg-4\">\n                <div class=\"text-center p-5 text-white\" style=\"background:rgba(255,255,255,0.1)\">\n                    <div class=\"h1 mb-2 text-white\">2x<\/div>\n                    <div class=\"\">Verminderung der Ladezeit<\/div>\n                <\/div>\n            <\/div>\n                    <div class=\"col-12 col-md-6 col-lg-4\">\n                <div class=\"text-center p-5 text-white\" 1>\n                    <div class=\"h1 mb-2 text-white\">15000+<\/div>\n                    <div class=\"\">Positive Kundenbewertungen<\/div>\n                <\/div>\n            <\/div>\n            <\/div>\n<\/div><\/div>\n\n\n\n<div class=\"wp-block-group alignfull\"><div class=\"wp-block-group__inner-container is-layout-flow wp-block-group-is-layout-flow\">\n<section class=\"wp-block-uagb-columns uagb-columns__wrap uagb-columns__background-none uagb-columns__stack-tablet uagb-columns__valign-center uagb-columns__gap-0 align uagb-block-f6a54af2 uagb-columns__columns-3 uagb-columns__max_width-theme section\"><div class=\"uagb-columns__overlay\"><\/div><div class=\"uagb-columns__inner-wrap uagb-columns__columns-3\">\n<div class=\"wp-block-uagb-column uagb-column__wrap uagb-column__background-undefined uagb-block-5d6c6565\"><div class=\"uagb-column__overlay\"><\/div>\n<figure class=\"wp-block-image size-full is-style-default\"><img loading=\"lazy\" decoding=\"async\" width=\"1000\" height=\"667\" src=\"https:\/\/sylius.com\/wp-content\/uploads\/2023\/01\/couple-choosing-fabric-furniture-store.jpg\" alt=\"\" class=\"wp-image-17778\" srcset=\"https:\/\/sylius.com\/wp-content\/uploads\/2023\/01\/couple-choosing-fabric-furniture-store.jpg 1000w, https:\/\/sylius.com\/wp-content\/uploads\/2023\/01\/couple-choosing-fabric-furniture-store-300x200.jpg 300w, https:\/\/sylius.com\/wp-content\/uploads\/2023\/01\/couple-choosing-fabric-furniture-store-768x512.jpg 768w\" sizes=\"auto, (max-width: 1000px) 100vw, 1000px\" \/><\/figure>\n<\/div>\n\n\n\n<div class=\"wp-block-uagb-column uagb-column__wrap uagb-column__background-undefined uagb-block-28785133\"><div class=\"uagb-column__overlay\"><\/div><\/div>\n\n\n\n<div class=\"wp-block-uagb-column uagb-column__wrap uagb-column__background-undefined uagb-block-941ff90a\"><div class=\"uagb-column__overlay\"><\/div>\n<p><strong>Bieten Sie Omnichannel und nahtlose Kundenerlebnisse an<\/strong><\/p>\n\n\n\n<p>Geben Sie Ihren Kunden die Flexibilit\u00e4t, von \u00fcberall aus einzukaufen &#8211; online oder offline. Es sollte f\u00fcr K\u00e4ufer einfach sein, Ihre Produkte zu entdecken, sie zu reservieren und abzuholen oder sie direkt nach Hause zu bestellen.<\/p>\n\n\n\n<p>Sylius steht f\u00fcr Omnichannel-Kundenerlebnisse und die Integration von Online- und Offline-Shopping. Unser Framework unterst\u00fctzt unbegrenzte Kan\u00e4le und kann leicht an Ihre Multichannel-Strategie angepasst werden.<\/p>\n<\/div>\n<\/div><\/section>\n<\/div><\/div>\n\n\n\n<section class=\"wp-block-uagb-section uagb-section__wrap uagb-section__background-color uagb-block-612a3a94\"><div class=\"uagb-section__overlay\"><\/div><div class=\"uagb-section__inner-wrap\">\n<div class=\"wp-block-group alignfull\"><div class=\"wp-block-group__inner-container is-layout-flow wp-block-group-is-layout-flow\">\n<p class=\"has-text-align-center h3\">Vertraut haben Uns<\/p>\n\n\n\n<div style=\"height:44px\" aria-hidden=\"true\" class=\"wp-block-spacer\"><\/div>\n\n\n\n    <div class=\"position-relative\">\n        <div class=\"overflow-hidden position-relative\">\n            <div class=\"swiper-case\">\n                <div class=\"swiper-wrapper\">\n                                            \n                        <div class=\"swiper-slide \">\n                            <a href=\"https:\/\/sylius.com\/case-study\/tediber\/\" style=\"display: block;\">\n                                <img decoding=\"async\" class=\"img-fluid\" src=\"https:\/\/sylius.com\/wp-content\/uploads\/2020\/08\/case-tediber.jpg\" alt=\"25% Revenue Growth with Headless Ecommerce Platform\">\n                                <div class=\"text-center mt-3 \">\n                                    <div class=\"large-bold text-lead\">25% Revenue Growth with Headless Ecommerce Platform<\/div>\n                                                                        <div class=\"mt-3 text-lead base-bold text-primary\">read case study<\/div>\n                                <\/div>\n                            <\/a>\n                        <\/div>\n                                            \n                        <div class=\"swiper-slide \">\n                            <a href=\"https:\/\/sylius.com\/de\/case-study\/nationwide-furniture-outlet\/\" style=\"display: block;\">\n                                <img decoding=\"async\" class=\"img-fluid\" src=\"https:\/\/sylius.com\/wp-content\/uploads\/2020\/08\/case-nf-outlet.jpg\" alt=\"How to Manage Over 30k SKU&#8217;s With Sylius\">\n                                <div class=\"text-center mt-3 \">\n                                    <div class=\"large-bold text-lead\">How to Manage Over 30k SKU&#8217;s With Sylius<\/div>\n                                                                        <div class=\"mt-3 text-lead base-bold text-primary\">read case study<\/div>\n                                <\/div>\n                            <\/a>\n                        <\/div>\n                                            \n                        <div class=\"swiper-slide \">\n                            <a href=\"https:\/\/sylius.com\/de\/?post_type=case-study&#038;p=6207\" style=\"display: block;\">\n                                <img decoding=\"async\" class=\"img-fluid\" src=\"https:\/\/sylius.com\/wp-content\/uploads\/2020\/08\/case-ny-furniture.jpg\" alt=\"Fully-Customizable Ecommerce for NY Furniture Outlets\">\n                                <div class=\"text-center mt-3 \">\n                                    <div class=\"large-bold text-lead\">Fully-Customizable Ecommerce for NY Furniture Outlets<\/div>\n                                                                        <div class=\"mt-3 text-lead base-bold text-primary\">read case study<\/div>\n                                <\/div>\n                            <\/a>\n                        <\/div>\n                                            \n                        <div class=\"swiper-slide \">\n                            <a href=\"https:\/\/sylius.com\/de\/case-study\/casa-palacio\/\" style=\"display: block;\">\n                                <img decoding=\"async\" class=\"img-fluid\" src=\"https:\/\/sylius.com\/wp-content\/uploads\/2018\/02\/case-casa-palacio.jpg\" alt=\"Casa Palacio &#8211; an Ecommerce Site Revamped with Sylius\">\n                                <div class=\"text-center mt-3 \">\n                                    <div class=\"large-bold text-lead\">Casa Palacio &#8211; an Ecommerce Site Revamped with Sylius<\/div>\n                                                                        <div class=\"mt-3 text-lead base-bold text-primary\">read case study<\/div>\n                                <\/div>\n                            <\/a>\n                        <\/div>\n                                    <\/div>\n            <\/div>\n        <\/div>\n        <div class=\"d-flex justify-content-center py-5\" style=\"gap: 10px\">\n            <div class=\"swiper-case-prev\">\n                <svg xmlns=\"http:\/\/www.w3.org\/2000\/svg\" width=\"32\" height=\"32\" fill=\"currentColor\" class=\"bi bi-arrow-left\" viewBox=\"0 0 16 16\">\n                    <path fill-rule=\"evenodd\" d=\"M15 8a.5.5 0 0 0-.5-.5H2.707l3.147-3.146a.5.5 0 1 0-.708-.708l-4 4a.5.5 0 0 0 0 .708l4 4a.5.5 0 0 0 .708-.708L2.707 8.5H14.5A.5.5 0 0 0 15 8z\"\/>\n                <\/svg>\n            <\/div>\n            <div class=\"swiper-case-next\">\n                <svg xmlns=\"http:\/\/www.w3.org\/2000\/svg\" width=\"32\" height=\"32\" fill=\"currentColor\" class=\"bi bi-arrow-right\" viewBox=\"0 0 16 16\">\n                    <path fill-rule=\"evenodd\" d=\"M1 8a.5.5 0 0 1 .5-.5h11.793l-3.147-3.146a.5.5 0 0 1 .708-.708l4 4a.5.5 0 0 1 0 .708l-4 4a.5.5 0 0 1-.708-.708L13.293 8.5H1.5A.5.5 0 0 1 1 8z\"\/>\n                <\/svg>\n            <\/div>\n        <\/div>\n    <\/div>\n    <style>\n        .swiper-case-prev, .swiper-case-next { cursor: pointer; }\n        .swiper-button-disabled { opacity: 0.2; }\n    <\/style>\n<\/div><\/div>\n<\/div><\/section>\n\n\n\n<div class=\"wp-block-group alignfull section\"><div class=\"wp-block-group__inner-container is-layout-flow wp-block-group-is-layout-flow\">\n<section class=\"wp-block-uagb-columns uagb-columns__wrap uagb-columns__background-none uagb-columns__stack-tablet uagb-columns__valign-center uagb-columns__gap-0 align uagb-block-ee9d480a uagb-columns__columns-3 uagb-columns__max_width-theme\"><div class=\"uagb-columns__overlay\"><\/div><div class=\"uagb-columns__inner-wrap uagb-columns__columns-3\">\n<div class=\"wp-block-uagb-column uagb-column__wrap uagb-column__background-undefined uagb-block-79c03cef\"><div class=\"uagb-column__overlay\"><\/div>\n<p><strong>Beherrschen Sie SKU und Bestandsmanagement mit Sylius<\/strong><\/p>\n\n\n\n<p>Sylius erm\u00f6glicht das Management einer Vielzahl von Produkten, einschlie\u00dflich der Verfolgung und Entfernung nicht vorr\u00e4tiger Artikel, Aktualisierung von Produktinformationen und Medien.<\/p>\n\n\n\n<p>Dank der Multi-Source-Inventory-Funktion von Sylius k\u00f6nnen Sie einfach vom optimalsten Lager versenden, die Produktverf\u00fcgbarkeit an verschiedenen Standorten verfolgen und Bestellungen teilweise erf\u00fcllen, falls Lagerbest\u00e4nde knapp werden. Es enth\u00e4lt auch eine Integrationsm\u00f6glichkeit mit Ihrem Enterprise Resource Planning (ERP) oder Warehouse Management System (WMS).<\/p>\n<\/div>\n\n\n\n<div class=\"wp-block-uagb-column uagb-column__wrap uagb-column__background-undefined uagb-block-c8301b5f\"><div class=\"uagb-column__overlay\"><\/div><\/div>\n\n\n\n<div class=\"wp-block-uagb-column uagb-column__wrap uagb-column__background-undefined uagb-block-759c9437\"><div class=\"uagb-column__overlay\"><\/div>\n<figure class=\"wp-block-image size-large\"><img loading=\"lazy\" decoding=\"async\" width=\"1024\" height=\"683\" src=\"https:\/\/sylius.com\/wp-content\/uploads\/2023\/01\/parcel_delivery_4-1024x683.jpg\" alt=\"\" class=\"wp-image-17846\" srcset=\"https:\/\/sylius.com\/wp-content\/uploads\/2023\/01\/parcel_delivery_4-1024x683.jpg 1024w, https:\/\/sylius.com\/wp-content\/uploads\/2023\/01\/parcel_delivery_4-300x200.jpg 300w, https:\/\/sylius.com\/wp-content\/uploads\/2023\/01\/parcel_delivery_4-768x512.jpg 768w, https:\/\/sylius.com\/wp-content\/uploads\/2023\/01\/parcel_delivery_4-1536x1024.jpg 1536w, https:\/\/sylius.com\/wp-content\/uploads\/2023\/01\/parcel_delivery_4-2048x1365.jpg 2048w\" sizes=\"auto, (max-width: 1024px) 100vw, 1024px\" \/><\/figure>\n<\/div>\n<\/div><\/section>\n<\/div><\/div>\n\n\n    <div class=\"container section--lg\">\n        <div class=\"card card-body card-body--xl border-0 bg-light\">\n            <div class=\"row\">\n                <div class=\"col-12 col-xl-6\">\n                    <div class=\"comp04\">\n                        <div class=\"card card-body bg-primary text-center comp04-item\">\n                            <div class=\"card-text display-1 text-secondary mb-0\">30k<\/div>\n                            <div class=\"card-text lead-bold text-inv-lead\">SKUs<\/div>\n                        <\/div>\n                        <div class=\"card card-body bg-secondary text-center comp04-item\">\n                            <div class=\"card-text display-1 text-primary mb-0\">20<\/div>\n                            <div class=\"card-text lead-bold text-inv-lead\">M\u00f6belmarken<\/div>\n                        <\/div>\n                    <\/div>\n                <\/div>\n                <div class=\"col-12 col-xl-6\">\n                    <blockquote class=\"quote  \" style=\"\">\n            <div class=\"quote-mark\"><\/div>\n    \n    <div class=\"quote-body\">\n                                    <div class=\"text-lead\">\n                                <p>Mit \u00fcber 30.000 Produkten in unserem Katalog und stetigem Wachstum k\u00f6nnen wir mit Freude sagen, dass die Sylius-Plattform es uns erm\u00f6glicht, dies sehr schnell und \u00e4u\u00dferst bequem zu realisieren. Dank Sylius verf\u00fcgen wir \u00fcber eine einzige Plattform, auf der wir Informationen zu Bestellungen sammeln und diese unkompliziert und z\u00fcgig bearbeiten k\u00f6nnen.<\/p>\n\n                            <\/div>\n                            <\/div>\n\n    <footer class=\"quote-footer\">\n                <div>\n                                        <div class=\"text-base\">\n                                 Kristin Star, CEO, Nationwide Furniture Outlet, Inc\n                            <\/div>\n                                <\/div>\n    <\/footer>\n<\/blockquote>\n                <\/div>\n            <\/div>\n        <\/div>\n    <\/div>\n","protected":false},"excerpt":{"rendered":"","protected":false},"author":3,"featured_media":17717,"parent":0,"menu_order":0,"comment_status":"closed","ping_status":"closed","template":"","meta":{"_uag_custom_page_level_css":"","footnotes":""},"class_list":["post-20217","page","type-page","status-publish","has-post-thumbnail","hentry"],"acf":[],"aioseo_notices":[],"uagb_featured_image_src":{"full":["https:\/\/sylius.com\/wp-content\/uploads\/2023\/01\/man-sitting-sofa-looking-tablet-1.jpg",960,641,false],"thumbnail":["https:\/\/sylius.com\/wp-content\/uploads\/2023\/01\/man-sitting-sofa-looking-tablet-1-150x150.jpg",150,150,true],"medium":["https:\/\/sylius.com\/wp-content\/uploads\/2023\/01\/man-sitting-sofa-looking-tablet-1-300x200.jpg",300,200,true],"medium_large":["https:\/\/sylius.com\/wp-content\/uploads\/2023\/01\/man-sitting-sofa-looking-tablet-1-768x513.jpg",768,513,true],"large":["https:\/\/sylius.com\/wp-content\/uploads\/2023\/01\/man-sitting-sofa-looking-tablet-1.jpg",960,641,false],"1536x1536":["https:\/\/sylius.com\/wp-content\/uploads\/2023\/01\/man-sitting-sofa-looking-tablet-1.jpg",960,641,false],"2048x2048":["https:\/\/sylius.com\/wp-content\/uploads\/2023\/01\/man-sitting-sofa-looking-tablet-1.jpg",960,641,false]},"uagb_author_info":{"display_name":"pawel.jedrzejewski","author_link":"https:\/\/sylius.com\/de\/author\/pawel-jedrzejewski\/"},"uagb_comment_info":0,"uagb_excerpt":null,"_links":{"self":[{"href":"https:\/\/sylius.com\/de\/wp-json\/wp\/v2\/pages\/20217","targetHints":{"allow":["GET"]}}],"collection":[{"href":"https:\/\/sylius.com\/de\/wp-json\/wp\/v2\/pages"}],"about":[{"href":"https:\/\/sylius.com\/de\/wp-json\/wp\/v2\/types\/page"}],"author":[{"embeddable":true,"href":"https:\/\/sylius.com\/de\/wp-json\/wp\/v2\/users\/3"}],"replies":[{"embeddable":true,"href":"https:\/\/sylius.com\/de\/wp-json\/wp\/v2\/comments?post=20217"}],"version-history":[{"count":8,"href":"https:\/\/sylius.com\/de\/wp-json\/wp\/v2\/pages\/20217\/revisions"}],"predecessor-version":[{"id":20269,"href":"https:\/\/sylius.com\/de\/wp-json\/wp\/v2\/pages\/20217\/revisions\/20269"}],"wp:featuredmedia":[{"embeddable":true,"href":"https:\/\/sylius.com\/de\/wp-json\/wp\/v2\/media\/17717"}],"wp:attachment":[{"href":"https:\/\/sylius.com\/de\/wp-json\/wp\/v2\/media?parent=20217"}],"curies":[{"name":"wp","href":"https:\/\/api.w.org\/{rel}","templated":true}]}}