{"id":20127,"date":"2023-12-04T12:58:35","date_gmt":"2023-12-04T10:58:35","guid":{"rendered":"https:\/\/sylius.com\/ressourcen\/"},"modified":"2023-12-04T13:00:07","modified_gmt":"2023-12-04T11:00:07","slug":"ressourcen","status":"publish","type":"page","link":"https:\/\/sylius.com\/de\/ressourcen\/","title":{"rendered":"Ressourcen"},"content":{"rendered":"\n<div class=\"wp-block-group alignfull\"><div class=\"wp-block-group__inner-container is-layout-flow wp-block-group-is-layout-flow\">\n<h2 class=\"wp-block-heading\">E-books<\/h2>\n\n\n\n    <div class=\"\">\n        <div class=\"section cards\n            \n            \n            cards--lg-4\n            cards--xl-4\n            \n            \n            \n            \n            \n            \n            \n            \n            \n            \n        \">\n                            <div class=\"card  bg-white\">\n                    <div class=\"card-body\n                        \n                        \n                        \n                        \n                        \n                    \">\n                        \n                                                    <div class=\"mb-5\">\n                                <img decoding=\"async\" class=\"img-fluid\" src=\"https:\/\/sylius.com\/wp-content\/uploads\/2021\/11\/Artboard2_2.png\" alt=\"\">\n                            <\/div>\n                        \n                                                <div>\n                            <div class=\"card-title\">Standard vs Plus \ud83c\uddec\ud83c\udde7<\/div>\n                            <div class=\"card-text\"><p>A comparison between Sylius Standard Edition and Sylius Plus. Are you curious whether Sylius Plus is a good fit for your e-commerce project? Download now!<\/p>\n<\/div>\n                        <\/div>\n                                                    <a href=\"https:\/\/sylius.com\/resources\/standard-vs-plus\/\" class=\"a-line text-primary\" target=\"\">Download<\/a>\n                                            <\/div>\n                <\/div>\n                            <div class=\"card  bg-white\">\n                    <div class=\"card-body\n                        \n                        \n                        \n                        \n                        \n                    \">\n                        \n                                                    <div class=\"mb-5\">\n                                <img decoding=\"async\" class=\"img-fluid\" src=\"https:\/\/sylius.com\/wp-content\/uploads\/2022\/01\/Artboard2_32222.png\" alt=\"\">\n                            <\/div>\n                        \n                                                <div>\n                            <div class=\"card-title\">Standard vs Plus \ud83c\uddeb\ud83c\uddf7<\/div>\n                            <div class=\"card-text\"><p>Comparatif Sylius Standard vs Sylius Plus. Vous \u00eates curieux de savoir si Sylius Plus est un bon choix pour votre projet e-commerce ? T\u00e9l\u00e9chargez notre pr\u00e9sentation !<\/p>\n<\/div>\n                        <\/div>\n                                                    <a href=\"https:\/\/sylius.com\/resources\/standard-vs-plus-fr\/\" class=\"a-line text-primary\" target=\"\">Download<\/a>\n                                            <\/div>\n                <\/div>\n                            <div class=\"card  bg-white\">\n                    <div class=\"card-body\n                        \n                        \n                        \n                        \n                        \n                    \">\n                        \n                                                    <div class=\"mb-5\">\n                                <img decoding=\"async\" class=\"img-fluid\" src=\"https:\/\/sylius.com\/wp-content\/uploads\/2021\/11\/Artboard2.png\" alt=\"\">\n                            <\/div>\n                        \n                                                <div>\n                            <div class=\"card-title\">Sylius vs. Magento \ud83c\uddec\ud83c\udde7<\/div>\n                            <div class=\"card-text\"><p>You manage a mid-market or enterprise e-commerce and you\u2019re looking for a platform that&#8217;ll meet your business and industry requirements? Great. We&#8217;ve listed when the choice should be Sylius, and when you&#8217;ll profit with Magento.<\/p>\n<\/div>\n                        <\/div>\n                                                    <a href=\"https:\/\/sylius.com\/resources\/sylius-vs-magento\/\" class=\"a-line text-primary\" target=\"\">Download<\/a>\n                                            <\/div>\n                <\/div>\n                            <div class=\"card  bg-white\">\n                    <div class=\"card-body\n                        \n                        \n                        \n                        \n                        \n                    \">\n                        \n                                                    <div class=\"mb-5\">\n                                <img decoding=\"async\" class=\"img-fluid\" src=\"https:\/\/sylius.com\/wp-content\/uploads\/2022\/01\/Artboard33.png\" alt=\"\">\n                            <\/div>\n                        \n                                                <div>\n                            <div class=\"card-title\">Sylius vs. Magento \ud83c\uddeb\ud83c\uddf7<\/div>\n                            <div class=\"card-text\"><p>Vous g\u00e9rez un e-commerce de taille moyenne ou grand compte et vous recherchez une plateforme qui r\u00e9pondra aux exigences de votre activit\u00e9 et de votre secteur ? Nous avons r\u00e9pertori\u00e9 les cas o\u00f9 votre choix doit se porter sur Sylius, et ceux o\u00f9 Magento sera la bonne solution pour votre projet.<\/p>\n<\/div>\n                        <\/div>\n                                                    <a href=\"https:\/\/sylius.com\/resources\/sylius-vs-magento-fr\/\" class=\"a-line text-primary\" target=\"\">Download<\/a>\n                                            <\/div>\n                <\/div>\n                            <div class=\"card  \">\n                    <div class=\"card-body\n                        \n                        \n                        \n                        \n                        \n                    \">\n                        \n                                                    <div class=\"mb-5\">\n                                <img decoding=\"async\" class=\"img-fluid\" src=\"https:\/\/sylius.com\/wp-content\/uploads\/2022\/02\/12us.png\" alt=\"\">\n                            <\/div>\n                        \n                                                <div>\n                            <div class=\"card-title\">12 usages de Sylius \ud83c\uddeb\ud83c\uddf7<\/div>\n                            <div class=\"card-text\"><p class=\"p1\">Cet ebook permet de mettre en avant notre sp\u00e9cialit\u00e9, \u00e0 savoir \u2013 des projets e-commerce complexes, souvent tordus int\u00e9grant des fonctionnalit\u00e9s particuli\u00e8res voire uniques. Si vous \u00eates \u00e0 la recherche d\u2019un outil pour faire prosp\u00e9rer votre commerce en ligne, d\u00e9couvrez ce que vous pouvez obtenir avec Sylius.<\/p>\n<\/div>\n                        <\/div>\n                                                    <a href=\"https:\/\/sylius.com\/resources\/12-uses-where-sylius-shines-%F0%9F%87%AC%F0%9F%87%A7\/\" class=\"a-line text-primary\" target=\"\">Download<\/a>\n                                            <\/div>\n                <\/div>\n                            <div class=\"card  \">\n                    <div class=\"card-body\n                        \n                        \n                        \n                        \n                        \n                    \">\n                        \n                                                    <div class=\"mb-5\">\n                                <img decoding=\"async\" class=\"img-fluid\" src=\"https:\/\/sylius.com\/wp-content\/uploads\/2022\/02\/12us-en.png\" alt=\"\">\n                            <\/div>\n                        \n                                                <div>\n                            <div class=\"card-title\">12 uses of Sylius \ud83c\uddec\ud83c\udde7<\/div>\n                            <div class=\"card-text\"><p><!-- wp:paragraph --><\/p>\n<p>This ebook allows us to highlight our specialty \u2013 complex, often twisted e-commerce projects with special or unique features. If you are looking for a tool to make your online business thrive, find out what you can get with Sylius.<\/p>\n<p><!-- \/wp:paragraph --><\/p>\n<\/div>\n                        <\/div>\n                                                    <a href=\"https:\/\/sylius.com\/resources\/12-uses-where-sylius-shines-%F0%9F%87%AC%F0%9F%87%A7\/\" class=\"a-line text-primary\" target=\"\">Download<\/a>\n                                            <\/div>\n                <\/div>\n                            <div class=\"card  \">\n                    <div class=\"card-body\n                        \n                        \n                        \n                        \n                        \n                    \">\n                        \n                                                    <div class=\"mb-5\">\n                                <img decoding=\"async\" class=\"img-fluid\" src=\"https:\/\/sylius.com\/wp-content\/uploads\/2022\/07\/website-pdf-cover-features.png\" alt=\"Sylius Features Overview\">\n                            <\/div>\n                        \n                                                <div>\n                            <div class=\"card-title\">Sylius Features Overview<\/div>\n                            <div class=\"card-text\"><p>Ever wondered what exactly can be found in the Sylius suite? This ebook provides you with a complete list of what the framework offers. You will find here every single feature, both native and add-on, from the Standard and Plus versions.<\/p>\n<p>No better download can happen to you today!<\/p>\n<\/div>\n                        <\/div>\n                                                    <a href=\"https:\/\/sylius.com\/resources\/sylius-features-overview-2022\/\" class=\"a-line text-primary\" target=\"\">Download<\/a>\n                                            <\/div>\n                <\/div>\n                    <\/div>\n    <\/div>\n\n\n\n<div style=\"height:61px\" aria-hidden=\"true\" class=\"wp-block-spacer\"><\/div>\n\n\n\n<h2 class=\"wp-block-heading\">Videos<\/h2>\n\n\n\n    <div class=\"\">\n        <div class=\"section cards\n            \n            \n            cards--lg-3\n            cards--xl-3\n            \n            \n            \n            \n            \n            \n            \n            \n            \n            \n        \">\n                            <div class=\"card  \">\n                    <div class=\"card-body\n                        \n                        \n                        \n                        \n                        \n                    \">\n                                                    <div class=\"mb-4\">\n                                <iframe loading=\"lazy\" title=\"YouTube video player\" src=\"https:\/\/www.youtube.com\/embed\/bLCtoVYDVIc\" width=\"100%\" height=\"250\" frameborder=\"0\" allowfullscreen=\"allowfullscreen\"><\/iframe>\n                            <\/div>\n                        \n                        \n                                                <div>\n                            <div class=\"card-title\">\ud83c\uddec\ud83c\udde7  Sylius Plus technical overview with \u0141ukasz Chru\u015bciel<\/div>\n                            <div class=\"card-text\"><p>A one-hour overview of Sylius Plus with a technical point of view. Hosted by \u0141ukasz Chru\u015bciel who is our core team lead \u2013 architect and API designer at Sylius.<\/p>\n<\/div>\n                        <\/div>\n                                                    <a href=\"https:\/\/www.youtube.com\/watch?v=bLCtoVYDVIc&#038;ab_channel=Sylius\" class=\"a-line text-primary\" target=\"\">Watch on YouTube<\/a>\n                                            <\/div>\n                <\/div>\n                            <div class=\"card  \">\n                    <div class=\"card-body\n                        \n                        \n                        \n                        \n                        \n                    \">\n                                                    <div class=\"mb-4\">\n                                <iframe loading=\"lazy\" title=\"YouTube video player\" src=\"https:\/\/www.youtube.com\/embed\/Ha66tr9vQsE\" width=\"100%\" height=\"250\" frameborder=\"0\" allowfullscreen=\"allowfullscreen\"><\/iframe>\n                            <\/div>\n                        \n                        \n                                                <div>\n                            <div class=\"card-title\">\ud83c\uddec\ud83c\udde7  Sylius 1.11 Community Update with Q&#038;A<\/div>\n                            <div class=\"card-text\"><p>\ud83c\uddec\ud83c\udde7\u00a0 EN<br \/>\nLearn about the key improvements and changes that comes with Sylius 1.11!<\/p>\n<ul>\n<li>What&#8217;s on?<\/li>\n<li>Business Overview<\/li>\n<li>Community Context<\/li>\n<li>Demo<\/li>\n<li>Technical Overview<\/li>\n<li>Community Q&amp;A<\/li>\n<\/ul>\n<\/div>\n                        <\/div>\n                                                    <a href=\"https:\/\/www.youtube.com\/watch?v=Ha66tr9vQsE&#038;ab_channel=Sylius\" class=\"a-line text-primary\" target=\"\">Watch on YouTube<\/a>\n                                            <\/div>\n                <\/div>\n                            <div class=\"card  bg-white\">\n                    <div class=\"card-body\n                        \n                        \n                        \n                        \n                        \n                    \">\n                                                    <div class=\"mb-4\">\n                                <iframe loading=\"lazy\" title=\"YouTube video player\" src=\"https:\/\/www.youtube.com\/embed\/kl3sBFTndmE\" width=\"100%\" height=\"250\" frameborder=\"0\" allowfullscreen=\"allowfullscreen\"><\/iframe>\n                            <\/div>\n                        \n                        \n                                                <div>\n                            <div class=\"card-title\">\ud83c\uddeb\ud83c\uddf7 Webinar Rapid Flyer x PayPlug<\/div>\n                            <div class=\"card-text\"><p>\ud83c\uddeb\ud83c\uddf7\u00a0 FR<br \/>\nDans ce webinar, rencontrez Nicolas Mathieu, CEO de la plateforme Rapid Flyer (plateforme web 2 print fran\u00e7aise) qui nous explique pourquoi il est pass\u00e9 de PrestaShop \u00e0 Sylius pour propulser sa plateforme e-commerce.<\/p>\n<\/div>\n                        <\/div>\n                                                    <a href=\"https:\/\/www.youtube.com\/watch?v=kl3sBFTndmE\" class=\"a-line text-primary\" target=\"_blank\">Voir sur YouTube<\/a>\n                                            <\/div>\n                <\/div>\n                            <div class=\"card  bg-white\">\n                    <div class=\"card-body\n                        \n                        \n                        \n                        \n                        \n                    \">\n                                                    <div class=\"mb-4\">\n                                <iframe loading=\"lazy\" title=\"YouTube video player\" src=\"https:\/\/www.youtube.com\/embed\/Hgr44pdEB0g\" width=\"100%\" height=\"250\" frameborder=\"0\" allowfullscreen=\"allowfullscreen\"><\/iframe>\n                            <\/div>\n                        \n                        \n                                                <div>\n                            <div class=\"card-title\">\ud83c\uddf5\ud83c\uddf1 Jak\u0105 platform\u0119 eCommerce wybra\u0107? Sylius 1.7. Intro.<\/div>\n                            <div class=\"card-text\"><p>\ud83c\uddf5\ud83c\uddf1\u00a0 PL<br \/>\nJak\u0105 platform\u0119 wybra\u0107 przy budowie niestandardowego eCommerce, wymagaj\u0105cego du\u017co developmentu oraz customowych funkcjonalno\u015bci? Dwaj eksperci bran\u017cy eCommerce dziel\u0105 si\u0119 wiedz\u0105, na co przede wszystkim zwraca\u0107 uwag\u0119 przy wyborze platformy do sprzeda\u017cy internetowej. Przyjrz\u0105 si\u0119 te\u017c mo\u017cliwo\u015bciom platformy Open Source &#8211; Sylius 1.7.<\/p>\n<\/div>\n                        <\/div>\n                                                    <a href=\"https:\/\/www.youtube.com\/watch?v=Hgr44pdEB0g\" class=\"a-line text-primary\" target=\"_blank\">Watch on YouTube<\/a>\n                                            <\/div>\n                <\/div>\n                            <div class=\"card  bg-white\">\n                    <div class=\"card-body\n                        \n                        \n                        \n                        \n                        \n                    \">\n                                                    <div class=\"mb-4\">\n                                <iframe loading=\"lazy\" width=\"100%\" height=\"250\" src=\"https:\/\/www.youtube.com\/embed\/zKS2qBJAOFY\" title=\"YouTube video player\" frameborder=\"0\" allow=\"accelerometer; autoplay; clipboard-write; encrypted-media; gyroscope; picture-in-picture\" allowfullscreen><\/iframe>\n                            <\/div>\n                        \n                        \n                                                <div>\n                            <div class=\"card-title\">Introduction to Sylius for merchants<\/div>\n                            <div class=\"card-text\"><p>A webinar by Pawe\u0142 J\u0119drzejewski, explaining how to look at ecommerce projects, and when they may be a fit for Sylius. It also sums up the 1.8 release.<\/p>\n<\/div>\n                        <\/div>\n                                                    <a href=\"https:\/\/www.youtube.com\/watch?v=zKS2qBJAOFY\" class=\"a-line text-primary\" target=\"_blank\">Watch on YouTube<\/a>\n                                            <\/div>\n                <\/div>\n                            <div class=\"card  bg-white\">\n                    <div class=\"card-body\n                        \n                        \n                        \n                        \n                        \n                    \">\n                                                    <div class=\"mb-4\">\n                                <iframe loading=\"lazy\" width=\"100%\" height=\"250\" src=\"https:\/\/www.youtube.com\/embed\/5f2qoBH7tl8\" title=\"YouTube video player\" frameborder=\"0\" allow=\"accelerometer; autoplay; clipboard-write; encrypted-media; gyroscope; picture-in-picture\" allowfullscreen><\/iframe>\n                            <\/div>\n                        \n                        \n                                                <div>\n                            <div class=\"card-title\">Sylius &#038; API Platform: The Story of Integration<\/div>\n                            <div class=\"card-text\"><p>Being a part of the Symfony ecosystem gives access to the vast number of open-source solutions built on top. A lot of people voluntarily committed the time to make impressive, multipurpose solutions. One of these solutions is the API Platform, the most mature framework for API development. In this talk, \u0141ukasz explains how we integrated it into Sylius.<\/p>\n<\/div>\n                        <\/div>\n                                                    <a href=\"https:\/\/www.youtube.com\/watch?v=5f2qoBH7tl8&#038;ab_channel=Les-Tilleuls.coop\" class=\"a-line text-primary\" target=\"_blank\">Watch on YouTube<\/a>\n                                            <\/div>\n                <\/div>\n                            <div class=\"card  bg-white\">\n                    <div class=\"card-body\n                        \n                        \n                        \n                        \n                        \n                    \">\n                                                    <div class=\"mb-4\">\n                                <iframe loading=\"lazy\" width=\"100%\" height=\"250\" src=\"https:\/\/www.youtube.com\/embed\/Ps4GtTzeK-U\" title=\"YouTube video player\" frameborder=\"0\" allow=\"accelerometer; autoplay; clipboard-write; encrypted-media; gyroscope; picture-in-picture\" allowfullscreen><\/iframe>\n                            <\/div>\n                        \n                        \n                                                <div>\n                            <div class=\"card-title\">Webinar. Sylius: Headless Open-Source Ecommerce Platform<\/div>\n                            <div class=\"card-text\"><p>An introduction to Sylius for mid market and enterprise businesses. In this webinar you&#8217;ll learn:<\/p>\n<ul>\n<li>What is so different about our approach to ecommerce platforms and what are the advantages over legacy solutions?<\/li>\n<li>What is Sylius offering out of the box?<\/li>\n<li>What is headless and is it suitable for your online store?<\/li>\n<\/ul>\n<\/div>\n                        <\/div>\n                                                    <a href=\"https:\/\/www.youtube.com\/watch?v=Ps4GtTzeK-U&#038;list=PLJHFQlzrCd--_L73LJVHPMSVIbXJT13RB&#038;index=1\" class=\"a-line text-primary\" target=\"_blank\">Watch on Youtube<\/a>\n                                            <\/div>\n                <\/div>\n                            <div class=\"card  bg-white\">\n                    <div class=\"card-body\n                        \n                        \n                        \n                        \n                        \n                    \">\n                        \n                                                    <div class=\"mb-5\">\n                                <img decoding=\"async\" class=\"img-fluid\" src=\"https:\/\/sylius.com\/wp-content\/uploads\/2021\/12\/768px-YouTube_social_white_squircle_2017.svg-e1639482407994.png\" alt=\"\">\n                            <\/div>\n                        \n                                                <div>\n                            <div class=\"card-title\">See more on the Sylius curated video playlist<\/div>\n                            <div class=\"card-text\"><\/div>\n                        <\/div>\n                                                    <a href=\"https:\/\/www.youtube.com\/playlist?list=PLJHFQlzrCd--_L73LJVHPMSVIbXJT13RB\" class=\"a-line text-primary\" target=\"_blank\">Watch on Youtube<\/a>\n                                            <\/div>\n                <\/div>\n                    <\/div>\n    <\/div>\n<\/div><\/div>\n\n\n\n<div style=\"height:100px\" aria-hidden=\"true\" class=\"wp-block-spacer\"><\/div>\n","protected":false},"excerpt":{"rendered":"<p>E-books Videos<\/p>\n","protected":false},"author":14,"featured_media":0,"parent":0,"menu_order":0,"comment_status":"closed","ping_status":"closed","template":"","meta":{"_uag_custom_page_level_css":"","footnotes":""},"class_list":["post-20127","page","type-page","status-publish","hentry"],"acf":[],"aioseo_notices":[],"uagb_featured_image_src":{"full":false,"thumbnail":false,"medium":false,"medium_large":false,"large":false,"1536x1536":false,"2048x2048":false},"uagb_author_info":{"display_name":"sylius","author_link":"https:\/\/sylius.com\/de\/author\/sylius\/"},"uagb_comment_info":0,"uagb_excerpt":"E-books Videos","_links":{"self":[{"href":"https:\/\/sylius.com\/de\/wp-json\/wp\/v2\/pages\/20127","targetHints":{"allow":["GET"]}}],"collection":[{"href":"https:\/\/sylius.com\/de\/wp-json\/wp\/v2\/pages"}],"about":[{"href":"https:\/\/sylius.com\/de\/wp-json\/wp\/v2\/types\/page"}],"author":[{"embeddable":true,"href":"https:\/\/sylius.com\/de\/wp-json\/wp\/v2\/users\/14"}],"replies":[{"embeddable":true,"href":"https:\/\/sylius.com\/de\/wp-json\/wp\/v2\/comments?post=20127"}],"version-history":[{"count":4,"href":"https:\/\/sylius.com\/de\/wp-json\/wp\/v2\/pages\/20127\/revisions"}],"predecessor-version":[{"id":20132,"href":"https:\/\/sylius.com\/de\/wp-json\/wp\/v2\/pages\/20127\/revisions\/20132"}],"wp:attachment":[{"href":"https:\/\/sylius.com\/de\/wp-json\/wp\/v2\/media?parent=20127"}],"curies":[{"name":"wp","href":"https:\/\/api.w.org\/{rel}","templated":true}]}}