{"id":10348,"date":"2021-02-16T15:55:35","date_gmt":"2021-02-16T13:55:35","guid":{"rendered":"https:\/\/sylius.com\/?page_id=10348"},"modified":"2023-12-13T12:20:54","modified_gmt":"2023-12-13T10:20:54","slug":"home","status":"publish","type":"page","link":"https:\/\/sylius.com\/de\/","title":{"rendered":"Home"},"content":{"rendered":"\n    <div class=\"comp02\">\n        <div class=\"container section--lg mt-0\">\n            <div class=\"row justify-content-between align-items-center\">\n                <div class=\"col-12 col-xl-5\">\n                    <div class=\"section text-center text-lg-left\">\n                        <div class=\"section\"><h2 class=\"h1\">Was ist <span class=\"text-primary\">Sylius?<\/span><\/div>\n                        <div class=\"section\"><div class=\"lead\"><p><span style=\"font-weight: 400;\">Sylius ist eine Headless eCommerce-Plattform f\u00fcr mittelst\u00e4ndische Unternehmen und Marken, die ma\u00dfgeschneiderte L\u00f6sungen ben\u00f6tigen. Mit einem modernen Ansatz f\u00fcr die Entwicklung Ihrer Projekte k\u00f6nnen Sie mit Sylius Ihre digitale Anwendung so entwickeln, dass Sie Ihre Konkurrenz \u00fcbertreffen und Ihren Kunden die Erfahrung bieten k\u00f6nnen, die sie verdienen.<\/span><\/p>\n<\/div><\/div>\n                        <div class=\"section\"><a href=\"https:\/\/sylius.com\/de\/tour\/\" class=\"btn btn-primary\" target=\"\" id=\"\">Weiterlesen<\/a><\/div>\n                    <\/div>\n                <\/div>\n                <div class=\"col-12 col-xl-5\">\n                    <div class=\"comp02-grid\">\n                        <div class=\"card bg-primary square--md comp02-item\">\n                            <div class=\"card-body text-center square-content\">\n                                <div class=\"card-text\">    <svg class=\"\" style=\" width: 5.5rem; height: 5.5rem\">\n        <use xlink:href=\"#icon--symfony-bag\"><\/use>\n    <\/svg>\n<\/div>\n                                <div class=\"card-text lead-bold text-inv-lead\">Nr. 1 Symfony eCommerce<\/div>\n                            <\/div>\n                        <\/div>\n                        <div class=\"card bg-secondary square--md comp02-item\">\n                            <div class=\"card-body text-center square-content\">\n                                <div class=\"card-text\">    <svg class=\"\" style=\" width: 5.5rem; height: 5.5rem\">\n        <use xlink:href=\"#icon--data-growth\"><\/use>\n    <\/svg>\n<\/div>\n                                <div class=\"card-text lead-bold text-inv-lead\">Unbegrenzte <br class=\"d-none d-lg-block\">Skalierbarkeit<\/div>\n                            <\/div>\n                        <\/div>\n                        <div class=\"card bg-secondary square--md comp02-item\">\n                            <div class=\"card-body text-center square-content\">\n                                <div class=\"card-text\">    <svg class=\"\" style=\" width: 5.5rem; height: 5.5rem\">\n        <use xlink:href=\"#icon--puzzle\"><\/use>\n    <\/svg>\n<\/div>\n                                <div class=\"card-text lead-bold text-inv-lead\">Entwickelt f\u00fcr Agilit\u00e4t und Personalisierung<\/div>\n                            <\/div>\n                        <\/div>\n                        <div class=\"card bg-primary square--md comp02-item\">\n                            <div class=\"card-body text-center square-content\">\n                                <div class=\"card-text\">    <svg class=\"\" style=\" width: 5.5rem; height: 5.5rem\">\n        <use xlink:href=\"#icon--api-platform\"><\/use>\n    <\/svg>\n<\/div>\n                                <div class=\"card-text lead-bold text-inv-lead\">Leistungsstarke APIs f\u00fcr Headless eCommerce<\/div>\n                            <\/div>\n                        <\/div>\n                    <\/div>\n                <\/div>\n            <\/div>\n        <\/div>\n    <\/div>\n\n\n\n    <div class=\"container section--lg\">\n        <div class=\"wrapper--xl-large mx-auto text-center\">\n            <h2 class=\"h1\"><span class=\"text-primary\">Moderne<\/span> Software <br class=\"d-none d-lg-block\">und Entwicklungspraktiken<\/h2>\n            <div class=\"lead\"><p>Erfahren Sie, warum Sylius von der Community der CTOs, Architekten und Entwicklern der wichtigsten Akteure der digitalen Industrie allgemein als die beste eCommerce-Plattform anerkannt wird.<\/p>\n<\/div>\n        <\/div>\n\n        <div class=\"section pt-5\">\n            <div class=\"cards cards--lg-2 cards--xl-2 gap--md-large gap--lg-large gap--xl-larger wrapper--md-medium wrapper--xl-larger mx-auto\">\n                                                        <div class=\"card card--basic\">\n                        <div class=\"card-body card-icon-grid\">\n                            <div class=\"card-icon\">\n                                <div class=\"card-icon-blob\">    <svg class=\"\" style=\" width: 95px; height: 74px\">\n        <use xlink:href=\"#icon--blob-1\"><\/use>\n    <\/svg>\n<\/div>\n                                    <svg class=\"icon icon--xl\" style=\" \">\n        <use xlink:href=\"#icon--light-pwa\"><\/use>\n    <\/svg>\n\n                            <\/div>\n                            <div>\n                                <div class=\"card-title\">Headless und PWA bereit<\/div>\n                                <div class=\"card-text\"><p><span style=\"font-weight: 400;\">Sylius wird mit einer leistungsstarken REST-API geliefert, die angepasst werden kann und sich perfekt an das Frontend Ihrer Wahl oder Ihre Microservices-Architektur anpasst. Wenn Sie ein Symfony-Entwickler sind und sich fragen &#8230; ja, es wurde mit der API Platform erstellt.<\/span><\/p>\n<\/div>\n                            <\/div>\n                        <\/div>\n                    <\/div>\n                                                        <div class=\"card card--basic\">\n                        <div class=\"card-body card-icon-grid\">\n                            <div class=\"card-icon\">\n                                <div class=\"card-icon-blob\">    <svg class=\"\" style=\" width: 95px; height: 74px\">\n        <use xlink:href=\"#icon--blob-2\"><\/use>\n    <\/svg>\n<\/div>\n                                    <svg class=\"icon icon--xl\" style=\" \">\n        <use xlink:href=\"#icon--scale-host\"><\/use>\n    <\/svg>\n\n                            <\/div>\n                            <div>\n                                <div class=\"card-title\">Einfach zu hosten und zu skalieren<\/div>\n                                <div class=\"card-text\"><p><span style=\"font-weight: 400;\">Sylius wird das Wachstum Ihres Unternehmens beschleunigen und sich an Ihre sich \u00e4ndernden Bed\u00fcrfnisse anpassen. Es funktioniert gut auf einem Standard-VPS, kann jedoch mit Docker und Kubernetes in der Cloud verwendet werden, um ein wirklich skalierbarer Stack mit optimierten Betriebskosten zu werden.<\/span><\/p>\n<\/div>\n                            <\/div>\n                        <\/div>\n                    <\/div>\n                                                        <div class=\"card card--basic\">\n                        <div class=\"card-body card-icon-grid\">\n                            <div class=\"card-icon\">\n                                <div class=\"card-icon-blob\">    <svg class=\"\" style=\" width: 95px; height: 74px\">\n        <use xlink:href=\"#icon--blob-3\"><\/use>\n    <\/svg>\n<\/div>\n                                    <svg class=\"icon icon--xl\" style=\" \">\n        <use xlink:href=\"#icon--medal\"><\/use>\n    <\/svg>\n\n                            <\/div>\n                            <div>\n                                <div class=\"card-title\">Hoher Qualit\u00e4tsstandard und keine technischen Schulden<\/div>\n                                <div class=\"card-text\"><p><span style=\"font-weight: 400;\">Finden und beheben Sie Probleme, bevor sie sich auf Ihre Kunden und Ihren Umsatz auswirken. Sylius ist ein Pionier automatisierter Tests und bettet diese in Ihr Projekt ein. Durch den verhaltensorientierten Entwicklungsansatz konzentriert sich Ihr Team auf den gesch\u00e4ftlichen Nutzen und nicht nur auf originelle Codes.<\/span><\/p>\n<\/div>\n                            <\/div>\n                        <\/div>\n                    <\/div>\n                                                        <div class=\"card card--basic\">\n                        <div class=\"card-body card-icon-grid\">\n                            <div class=\"card-icon\">\n                                <div class=\"card-icon-blob\">    <svg class=\"\" style=\" width: 95px; height: 74px\">\n        <use xlink:href=\"#icon--blob-4\"><\/use>\n    <\/svg>\n<\/div>\n                                    <svg class=\"icon icon--xl\" style=\" \">\n        <use xlink:href=\"#icon--bug\"><\/use>\n    <\/svg>\n\n                            <\/div>\n                            <div>\n                                <div class=\"card-title\">Getestet und testbar<\/div>\n                                <div class=\"card-text\"><p>Finden und beheben Sie Probleme, bevor sie sich auf Ihre Kunden und Ihren Umsatz auswirken. Sylius ist ein Pionier automatisierter Tests und bettet diese in Ihr Projekt ein. Durch den verhaltensorientierten Entwicklungsansatz konzentriert sich Ihr Team auf den gesch\u00e4ftlichen Nutzen und nicht nur auf originelle Codes.<\/p>\n<\/div>\n                            <\/div>\n                        <\/div>\n                    <\/div>\n                            <\/div>\n        <\/div>\n\n        <div class=\"text-center\">\n            <div class=\"section\"><a href=\"https:\/\/sylius.com\/de\/tour\/\" class=\"btn btn-primary\" target=\"\" id=\"\">Weiterlesen<\/a><\/div>\n        <\/div>\n    <\/div>\n\n\n    <div class=\"container section--lg mb-0\">\n        <h3 class=\"h1\"><span class=\"text-primary\">Top-Marken<\/span> vertrauen Sylius<\/h3>\n        <div class=\"card bg-secondary border-0\">\n            <div class=\"row\">\n                <div class=\"col-12 col-xl-6\">\n                    <div class=\"card-body card-body--xl\">\n                        <blockquote class=\"quote  \" style=\"\">\n            <div class=\"quote-mark\"><\/div>\n    \n    <div class=\"quote-body\">\n                                        <div class=\"text-inv-base\">\n                                    <p><em>Wir haben uns f\u00fcr Sylius entschieden, da es heute eine der am h\u00e4ufigsten genutzten eCommerce-Plattformen im Mittelstand ist. Dies hat uns mehr Flexibilit\u00e4t gegeben, um sowohl das Frondend als auch das Backend unseres Online-Shops voranzutreiben und zu verbessern.<\/em><\/p>\n\n                                <\/div>\n                                <\/div>\n\n    <footer class=\"quote-footer\">\n                    <div>\n                <div class=\"quote-avatar\">\n                    <img decoding=\"async\" src=\"https:\/\/sylius.com\/wp-content\/uploads\/2020\/09\/toni-it-manager-Natura-100x100-c-default.jpeg\" alt=\"\">\n                <\/div>\n            <\/div>\n                <div>\n                                            <div class=\"text-inv-base\">\n                                    Toni Mili\u00e1n Artigas, IT Leiter, Natura Selection\n                                <\/div>\n                                    <\/div>\n    <\/footer>\n<\/blockquote>\n                    <\/div>\n                <\/div>\n                <div class=\"col-12 col-xl-6\">\n                    <div class=\"d-flex h-100 flex-column justify-content-between\">\n                        <div>\n                                                            <div class=\"py-4 px-5 mt-lg-4 text-center text-xl-right text-inv-lead\">\n                                    <a id=\"\" href=\"https:\/\/sylius.com\/de\/case-study\/natura-selection\/\" class=\"btn btn-primary\" target=\"\">\n                                        \u00dcber unsere Kunden\n                                    <\/a>\n                                <\/div>\n                                                    <\/div>\n                        <div>\n                            <div class=\"mx-5 rounded-top overflow-hidden\">\n                                <a id=\"\" href=\"https:\/\/sylius.com\/de\/case-study\/natura-selection\/\"><img decoding=\"async\" class=\"img-fluid\" src=\"https:\/\/sylius.com\/wp-content\/uploads\/2020\/09\/Screenshot_2020-09-09-Tiendas-Natura-\u2013-Natura-1.jpg\" alt=\"Sylius case studies\"><\/a>\n                            <\/div>\n                        <\/div>\n                    <\/div>\n                <\/div>\n            <\/div>\n        <\/div>\n    <\/div>\n\n    <div class=\"py-4\">\n        <div class=\"container\">\n            <div class=\"d-flex flex-wrap justify-content-around align-items-center\">\n                                    <div class=\"m-3 clients-logos\"><img decoding=\"async\" src=\"https:\/\/sylius.com\/wp-content\/uploads\/2020\/07\/logo-jagermeister.png\" alt=\"Jagermeister logo\"><\/div>\n                                    <div class=\"m-3 clients-logos\"><img decoding=\"async\" src=\"https:\/\/sylius.com\/wp-content\/uploads\/2020\/07\/logo-popsugar.png\" alt=\"Popsugar logo\"><\/div>\n                                    <div class=\"m-3 clients-logos\"><img decoding=\"async\" src=\"https:\/\/sylius.com\/wp-content\/uploads\/2020\/07\/logo-best-value.png\" alt=\"Best Value logo\"><\/div>\n                                    <div class=\"m-3 clients-logos\"><img decoding=\"async\" src=\"https:\/\/sylius.com\/wp-content\/uploads\/2020\/07\/logo-relais-chateaux.png\" alt=\"Relais&#038;Chateaux logo\"><\/div>\n                                    <div class=\"m-3 clients-logos\"><img decoding=\"async\" src=\"https:\/\/sylius.com\/wp-content\/uploads\/2020\/07\/logo-hbx.png\" alt=\"HBX logo\"><\/div>\n                                    <div class=\"m-3 clients-logos\"><img decoding=\"async\" src=\"https:\/\/sylius.com\/wp-content\/uploads\/2020\/07\/logo-reiss.png\" alt=\"Reiss logo\"><\/div>\n                            <\/div>\n        <\/div>\n    <\/div>\n\n\n                \n    <div class=\"whats-new\" style=\"margin-top: 111px; margin-bottom: 46px;\">\n        <div class=\"container section\">\n            <div class=\"whats-new__head\">\n                <div class=\"whats-new__title\">Was ist neu?<\/div>\n                <ul class=\"list-inline whats-new__links\">\n                                            <li class=\"list-inline-item\"><a href=\"https:\/\/sylius.com\/blog\/\" class=\"base-bold text-primary a-line \" target=\"\" id=\"\">\n                            Blog<\/a>\n                        <\/li>\n                                            <li class=\"list-inline-item\"><a href=\"https:\/\/sylius.com\/events\/\" class=\"base-bold text-primary a-line \" target=\"\" id=\"\">\n                            Veranstaltungen<\/a>\n                        <\/li>\n                                    <\/ul>\n            <\/div>\n\n            <div class=\"row\">\n                            <\/div>\n        <\/div>\n    <\/div>\n\n\n\n<p><\/p>\n","protected":false},"excerpt":{"rendered":"","protected":false},"author":14,"featured_media":0,"parent":0,"menu_order":0,"comment_status":"closed","ping_status":"closed","template":"","meta":{"_uag_custom_page_level_css":"","footnotes":""},"class_list":["post-10348","page","type-page","status-publish","hentry"],"acf":[],"aioseo_notices":[],"uagb_featured_image_src":{"full":false,"thumbnail":false,"medium":false,"medium_large":false,"large":false,"1536x1536":false,"2048x2048":false},"uagb_author_info":{"display_name":"sylius","author_link":"https:\/\/sylius.com\/de\/author\/sylius\/"},"uagb_comment_info":0,"uagb_excerpt":null,"_links":{"self":[{"href":"https:\/\/sylius.com\/de\/wp-json\/wp\/v2\/pages\/10348","targetHints":{"allow":["GET"]}}],"collection":[{"href":"https:\/\/sylius.com\/de\/wp-json\/wp\/v2\/pages"}],"about":[{"href":"https:\/\/sylius.com\/de\/wp-json\/wp\/v2\/types\/page"}],"author":[{"embeddable":true,"href":"https:\/\/sylius.com\/de\/wp-json\/wp\/v2\/users\/14"}],"replies":[{"embeddable":true,"href":"https:\/\/sylius.com\/de\/wp-json\/wp\/v2\/comments?post=10348"}],"version-history":[{"count":17,"href":"https:\/\/sylius.com\/de\/wp-json\/wp\/v2\/pages\/10348\/revisions"}],"predecessor-version":[{"id":20308,"href":"https:\/\/sylius.com\/de\/wp-json\/wp\/v2\/pages\/10348\/revisions\/20308"}],"wp:attachment":[{"href":"https:\/\/sylius.com\/de\/wp-json\/wp\/v2\/media?parent=10348"}],"curies":[{"name":"wp","href":"https:\/\/api.w.org\/{rel}","templated":true}]}}